{"id":107,"date":"2022-01-27T10:54:11","date_gmt":"2022-01-27T09:54:11","guid":{"rendered":"http:\/\/www.cfbb.eu\/datenschutz\/"},"modified":"2022-05-10T15:26:45","modified_gmt":"2022-05-10T13:26:45","slug":"datenschutz","status":"publish","type":"page","link":"https:\/\/www.cfbb.eu\/en\/datenschutz\/","title":{"rendered":"Datenschutz"},"content":{"rendered":"\n<p>Wir nehmen den Schutz Ihrer pers\u00f6nlichen Daten sehr ernst und halten uns strikt an die gesetzlichen und beh\u00f6rdlichen Datenschutzbestimmungen. Wir behandeln Ihre personenbezogenen Daten vertraulich und entsprechend der gesetzlichen Datenschutzvorschriften sowie dieser Datenschutzerkl\u00e4rung.<\/p>\n\n<p>Die Nutzung unserer Website ist in der Regel ohne Angabe personenbezogener Daten m\u00f6glich. Wir erheben und verwenden personenbezogene Daten grunds\u00e4tzlich nur, soweit dies zur Bereitstellung einer funktionsf\u00e4higen Website sowie unserer Inhalte und Leistungen erforderlich ist. Soweit auf unserer Seite personenbezogene Daten (beispielsweise Name, Anschrift oder Email-Adressen) erhoben werden, erfolgt dies, soweit m\u00f6glich, stets auf freiwilliger Basis. Diese Daten werden ohne Ihre ausdr\u00fcckliche Zustimmung nicht an Dritte weitergegeben.<\/p>\n\n<p>Personenbezogene Daten werden f\u00fcr die Dauer der jeweiligen gesetzlichen Aufbewahrungsfrist gespeichert. Nach Ablauf der Frist erfolgt eine routinem\u00e4\u00dfige L\u00f6schung der Daten, sofern nicht eine Erforderlichkeit f\u00fcr eine Vertragsanbahnung oder die Vertragserf\u00fcllung besteht.<\/p>\n\n<p><\/p><p>Wir weisen darauf hin, dass die Daten\u00fcbertragung im Internet (z. B. bei der Kommunikation per Email) Sicherheitsl\u00fccken aufweisen kann. Ein l\u00fcckenloser Schutz der Daten vor dem Zugriff durch Dritte ist nicht m\u00f6glich.<\/p>\n\u00a0\n\n<p><\/p>\n\n<p><strong>Cookies<\/strong><br\/>Die Internetseiten verwenden teilweise so genannte Cookies. Sie dienen dazu, unser Angebot nutzerfreundlicher, effektiver und sicherer zu machen. Cookies sind kleine Textdateien, die auf Ihrem Rechner abgelegt werden und die Ihr Browser speichert. Cookies richten auf Ihrem Rechner keinen Schaden an und enthalten keine Viren.<\/p>\n\n<p>Die meisten der von uns verwendeten Cookies sind so genannte \u201eSession-Cookies\u201c. Sie werden nach Ende Ihres Besuchs automatisch gel\u00f6scht. Andere Cookies bleiben auf Ihrem Endger\u00e4t gespeichert, bis Sie diese l\u00f6schen. Diese Cookies erm\u00f6glichen es uns, Ihren Browser beim n\u00e4chsten Besuch wiederzuerkennen.<\/p>\n\n<p><\/p><p>Sie k\u00f6nnen Ihren Browser so einstellen, dass Sie \u00fcber das Setzen von Cookies informiert werden und Cookies nur im Einzelfall erlauben, die Annahme von Cookies f\u00fcr bestimmte F\u00e4lle oder generell ausschlie\u00dfen sowie das automatische L\u00f6schen der Cookies beim Schlie\u00dfen der Browser aktivieren. Bei der Deaktivierung von Cookies kann die Funktionalit\u00e4t dieser Website eingeschr\u00e4nkt sein.<\/p>\n\u00a0\n\n<p><\/p>\n\n<p><strong>SSL-Verschl\u00fcsselung<\/strong><br\/>Diese Seite nutzt aus Gr\u00fcnden der Sicherheit und zum Schutz der \u00dcbertragung vertraulicher Inhalte, wie zum Beispiel der Anfragen, die Sie an uns als Seitenbetreiber senden, eine SSL-Verschl\u00fcsselung. Eine verschl\u00fcsselte Verbindung erkennen Sie daran, dass die Adresszeile des Browsers von \u201ehttp:\/\/\u201c auf \u201ehttps:\/\/\u201c wechselt und an dem Schloss-Symbol in Ihrer Browserzeile.<\/p>\n\n<p><\/p><p>Wenn die SSL-Verschl\u00fcsselung aktiviert ist, k\u00f6nnen die Daten, die Sie an uns \u00fcbermitteln, nicht von Dritten mitgelesen werden.<\/p>\n\u00a0\n\n<p><\/p>\n\n<p><\/p>\n\n<p><strong>Server-Log-Files<\/strong><br\/>Bei jedem Aufruf dieser Internetseite werden durch ein automatisiertes System Daten und Informationen erfasst. Diese werden in den Logfiles des Servers f\u00fcr eine Dauer von 6 Wochen gespeichert. Folgende Daten k\u00f6nnen hierbei erhoben werden:<br\/>&gt; Browsertyp und Browserversion<br\/>&gt; Verwendetes Betriebssystem<br\/>&gt; Internet-Service-Provider<br\/>&gt; IP-Adresse<br\/>&gt; Datum und Uhrzeit der Serveranfrage<br\/>&gt; Webseiten, von denen Ihr System auf unsere Internetseite gelangt<br\/>&gt; Webseiten, die vom Ihrem System \u00fcber unsere Webseite aufgerufen werden<\/p>\n\n<p><\/p><p>Die Verarbeitung der Daten dient zur Auslieferung der Inhalte unserer Internetseite, zur Gew\u00e4hrleistung der Funktionsf\u00e4higkeit unserer informationstechnischen Systeme und der Optimierung unserer Internetseite. Die Daten der Logfiles werden dabei stets getrennt von anderen personenbezogenen Daten der Nutzer gespeichert.<br\/>Wir behalten uns vor, diese Daten nachtr\u00e4glich zu pr\u00fcfen, wenn uns konkrete Anhaltspunkte f\u00fcr eine rechtswidrige Nutzung bekannt werden.<\/p>\n\u00a0\n\n<p><\/p>\n\n<p><strong>Ihre Rechte<\/strong><br\/>Sie haben jederzeit das Recht auf unentgeltliche Auskunft \u00fcber Ihre gespeicherten personenbezogenen Daten, deren Herkunft und Empf\u00e4nger und den Zweck der Datenverarbeitung sowie ein Recht auf Berichtigung, Sperrung oder L\u00f6schung dieser Daten. Sie haben jederzeit das Recht, gegen die Verarbeitung Ihrer personenbezogenen Daten Widerspruch einzulegen. Ihnen steht das Recht auf Beschwerde bei der zust\u00e4ndigen Aufsichtsbeh\u00f6rde zu:<\/p>\n\n<p>Landesamt f\u00fcr Datenschutzaufsicht<br\/>Postfach 606, 91511 Ansbach<br\/>Promenade 27 (Schloss), 91522 Ansbach<br\/>Tel.: 0981\/53 \u2013 13 00<br\/>Fax: 0981\/53 \u2013 53 00<br\/>E-Mail: poststelle@lda.bayern.de<br\/>Internet: http:\/\/www.lda.bayern.de<\/p>\n\n<p>Ihr Vertrauen ist uns wichtig. Daher m\u00f6chten wir Ihnen jederzeit Rede und Antwort bez\u00fcglich der Verarbeitung Ihrer personenbezogenen Daten stehen. Wenn Sie Fragen haben, die Ihnen diese Datenschutzerkl\u00e4rung nicht beantworten konnte oder wenn Sie zu einem Punkt vertiefte Informationen w\u00fcnschen, wenden Sie sich bitte an:<\/p>\n\n<p>Martina &amp; Christian Bischoff<br\/>office@cfbb.eu<br\/>+49 821 81559321<\/p>\n","protected":false},"excerpt":{"rendered":"<p>Wir nehmen den Schutz Ihrer pers\u00f6nlichen Daten sehr ernst und halten uns strikt an die gesetzlichen und beh\u00f6rdlichen Datenschutzbestimmungen. Wir behandeln Ihre personenbezogenen Daten vertraulich und entsprechend der gesetzlichen Datenschutzvorschriften sowie dieser Datenschutzerkl\u00e4rung. Die Nutzung unserer Website ist in der Regel ohne Angabe personenbezogener Daten m\u00f6glich. Wir erheben und verwenden personenbezogene Daten grunds\u00e4tzlich nur, soweit [&hellip;]<\/p>\n","protected":false},"author":2,"featured_media":0,"parent":0,"menu_order":0,"comment_status":"closed","ping_status":"closed","template":"","meta":{"_acf_changed":false,"inline_featured_image":false,"footnotes":""},"class_list":["post-107","page","type-page","status-publish","hentry"],"acf":[],"_links":{"self":[{"href":"https:\/\/www.cfbb.eu\/en\/wp-json\/wp\/v2\/pages\/107","targetHints":{"allow":["GET"]}}],"collection":[{"href":"https:\/\/www.cfbb.eu\/en\/wp-json\/wp\/v2\/pages"}],"about":[{"href":"https:\/\/www.cfbb.eu\/en\/wp-json\/wp\/v2\/types\/page"}],"author":[{"embeddable":true,"href":"https:\/\/www.cfbb.eu\/en\/wp-json\/wp\/v2\/users\/2"}],"replies":[{"embeddable":true,"href":"https:\/\/www.cfbb.eu\/en\/wp-json\/wp\/v2\/comments?post=107"}],"version-history":[{"count":7,"href":"https:\/\/www.cfbb.eu\/en\/wp-json\/wp\/v2\/pages\/107\/revisions"}],"predecessor-version":[{"id":248,"href":"https:\/\/www.cfbb.eu\/en\/wp-json\/wp\/v2\/pages\/107\/revisions\/248"}],"wp:attachment":[{"href":"https:\/\/www.cfbb.eu\/en\/wp-json\/wp\/v2\/media?parent=107"}],"curies":[{"name":"wp","href":"https:\/\/api.w.org\/{rel}","templated":true}]}}